{"id":101,"date":"2016-02-12T02:29:55","date_gmt":"2016-02-12T02:29:55","guid":{"rendered":"http:\/\/www.atlasitsolutions.com\/web\/?page_id=101"},"modified":"2023-06-07T01:40:20","modified_gmt":"2023-06-07T01:40:20","slug":"se-habla-espanol","status":"publish","type":"page","link":"http:\/\/www.atlasitsolutions.com\/web\/se-habla-espanol\/","title":{"rendered":"Se habla espa\u00f1ol"},"content":{"rendered":"<p>\t\t\t\t<img decoding=\"async\" src=\"http:\/\/www.atlasitsolutions.com\/web\/wp-content\/uploads\/2016\/02\/full_computer-1024x597.jpg\" alt=\"full_computer\" itemprop=\"image\"  \/><\/p>\n<h1>Se habla Espa\u00f1ol<\/h1>\n<p>Nos complace atenderle tambi\u00e9n en Espa\u00f1ol, entendemos los problemas r\u00e1pidamente y ofrecemos soluciones apropiadas para cada caso. No dude en contactarnos a los tel\u00e9fonos o emails publicados.<\/p>\n<p>Atlas IT Solutions<br \/>\nLos Angeles, California<\/p>\n<p>+1 (818) 835-0489<br \/>\ninfo@atlasitsolutions.com<\/p>\n","protected":false},"excerpt":{"rendered":"<p>Se habla Espa\u00f1ol Nos complace atenderle tambi\u00e9n en Espa\u00f1ol, entendemos los problemas r\u00e1pidamente y ofrecemos soluciones apropiadas para cada caso. No dude en contactarnos a los tel\u00e9fonos o emails publicados. Atlas IT Solutions Los Angeles, California +1 (818) 835-0489 info@atlasitsolutions.com<\/p>\n","protected":false},"author":1,"featured_media":0,"parent":0,"menu_order":0,"comment_status":"closed","ping_status":"closed","template":"","meta":[],"_links":{"self":[{"href":"http:\/\/www.atlasitsolutions.com\/web\/wp-json\/wp\/v2\/pages\/101"}],"collection":[{"href":"http:\/\/www.atlasitsolutions.com\/web\/wp-json\/wp\/v2\/pages"}],"about":[{"href":"http:\/\/www.atlasitsolutions.com\/web\/wp-json\/wp\/v2\/types\/page"}],"author":[{"embeddable":true,"href":"http:\/\/www.atlasitsolutions.com\/web\/wp-json\/wp\/v2\/users\/1"}],"replies":[{"embeddable":true,"href":"http:\/\/www.atlasitsolutions.com\/web\/wp-json\/wp\/v2\/comments?post=101"}],"version-history":[{"count":7,"href":"http:\/\/www.atlasitsolutions.com\/web\/wp-json\/wp\/v2\/pages\/101\/revisions"}],"predecessor-version":[{"id":279,"href":"http:\/\/www.atlasitsolutions.com\/web\/wp-json\/wp\/v2\/pages\/101\/revisions\/279"}],"wp:attachment":[{"href":"http:\/\/www.atlasitsolutions.com\/web\/wp-json\/wp\/v2\/media?parent=101"}],"curies":[{"name":"wp","href":"https:\/\/api.w.org\/{rel}","templated":true}]}}